{"id":1332,"date":"2025-10-22T19:39:27","date_gmt":"2025-10-22T19:39:27","guid":{"rendered":"https:\/\/gscfworkingcapitalbank.com\/?page_id=1332"},"modified":"2025-10-22T19:39:27","modified_gmt":"2025-10-22T19:39:27","slug":"slavery-and-human-trafficking-statement","status":"publish","type":"page","link":"https:\/\/www.gscfworkingcapitalbank.com\/de\/slavery-and-human-trafficking-statement\/","title":{"rendered":"Erkl\u00e4rung zu Sklaverei und Menschenhandel"},"content":{"rendered":"<div class=\"wp-block-group alignwide has-global-padding is-content-justification-left is-layout-constrained wp-container-core-group-is-layout-9c165946 wp-block-group-is-layout-constrained\">\n<h3 class=\"wp-block-heading\"><strong>GSCF-Erkl\u00e4rung zu Sklavenhandel und Menschenhandel f\u00fcr das am 31. Dezember 2024 endende Gesch\u00e4ftsjahr&nbsp;<\/strong><\/h3>\n\n\n\n<p><strong>Einf\u00fchrung&nbsp;<\/strong><\/p>\n\n\n\n<p>Diese Erkl\u00e4rung wird von Peridot Global Holdings Limited im eigenen Namen und im Namen seiner Tochtergesellschaften (nachfolgend zusammen \u201c<strong>GSCF<\/strong>&quot; oder &quot;<strong>Wir<\/strong>\u201d) gem\u00e4\u00df Abschnitt 54 des britischen Modern Slavery Act 2015, der von Organisationen einer bestimmten Gr\u00f6\u00dfe, die im Vereinigten K\u00f6nigreich gewerblich t\u00e4tig sind, verlangt, f\u00fcr jedes Gesch\u00e4ftsjahr eine \u00f6ffentliche \u201cErkl\u00e4rung zu Sklaverei und Menschenhandel\u201d vorzulegen.&nbsp;<\/p>\n\n\n\n<p><strong>Unser Gesch\u00e4ft&nbsp;<\/strong><\/p>\n\n\n\n<p>GSCF ist ein f\u00fchrender Anbieter von Working-Capital-L\u00f6sungen und nutzt Technologie und Daten, um Working-Capital-Programme f\u00fcr Lieferanten, K\u00e4ufer und Finanzinstitute zu optimieren. Mit \u00fcber 30 Jahren Erfahrung setzen wir uns f\u00fcr nachhaltiges Wachstum und die Erschlie\u00dfung von Liquidit\u00e4t durch unsere umfassende Technologieplattform und Managed Services ein. Unser technologieorientierter Ansatz erm\u00f6glicht zudem mehr Transparenz und Verantwortlichkeit entlang der Lieferketten unserer Endkunden.&nbsp;<\/p>\n\n\n\n<p>GSCF ist im Vereinigten K\u00f6nigreich \u00fcber seine Muttergesellschaft Peridot Global Holdings Limited t\u00e4tig, deren eingetragener Firmensitz sich im 13th Floor One Angel Court, London, Vereinigtes K\u00f6nigreich, EC2R 7HJ befindet.&nbsp;<\/p>\n\n\n\n<p><strong>Unser Engagement&nbsp;<\/strong><\/p>\n\n\n\n<p>GSCF setzt sich f\u00fcr eine kontinuierliche Verbesserung unserer Bem\u00fchungen zur Bek\u00e4mpfung moderner Sklaverei und Menschenhandels sowie zur F\u00f6rderung fairer Gesch\u00e4ftspraktiken ein. Wir \u00fcberpr\u00fcfen und aktualisieren unsere Richtlinien und Verfahren regelm\u00e4\u00dfig, um ihre Wirksamkeit zu gew\u00e4hrleisten. Dar\u00fcber hinaus arbeiten wir weiterhin mit Stakeholdern, einschlie\u00dflich Lieferanten und anderen Gesch\u00e4ftspartnern, zusammen, um ethische Praktiken zu f\u00f6rdern.&nbsp;<\/p>\n\n\n\n<p>Wir unterst\u00fctzen uneingeschr\u00e4nkt die Grunds\u00e4tze des britischen Modern Slavery Act 2015. Dieser zielt darauf ab, bestehende Straftaten zu konsolidieren und zu vereinfachen, T\u00e4ter streng zu bestrafen, die Unterst\u00fctzung und den Schutz von Opfern zu verbessern und Unternehmen zu verpflichten, Ma\u00dfnahmen zur Verhinderung moderner Sklaverei und Menschenhandels offenzulegen. Diese Grunds\u00e4tze leiten unsere Bem\u00fchungen, ethische Praktiken aufrechtzuerhalten und moderne Sklaverei und Menschenhandel in unseren Betrieben zu verhindern.&nbsp;<\/p>\n\n\n\n<p><strong>Unsere Risikobewertung&nbsp;<\/strong><\/p>\n\n\n\n<p>GSCF sch\u00e4tzt das Risiko moderner Sklaverei und Menschenhandels in unserem Unternehmen und unseren Lieferketten als gering ein. Unsere Gesch\u00e4ftst\u00e4tigkeit umfasst haupts\u00e4chlich Managed Services und Technologie, die typischerweise weniger direkte Arbeitsrisiken bergen. Obwohl die Finanzbranche generell als risikoarm f\u00fcr moderne Sklaverei und Menschenhandel gilt, bleiben wir wachsam und proaktiv bei der Identifizierung und Minderung potenzieller Risiken.&nbsp;<\/p>\n\n\n\n<p><strong>Im Gesch\u00e4ftsjahr 2024 ergriffene Ma\u00dfnahmen&nbsp;<\/strong><\/p>\n\n\n\n<p>Im Gesch\u00e4ftsjahr 2024 hat GSCF die folgenden Schritte unternommen, um sicherzustellen, dass in keiner seiner Lieferketten und in keinem Teil seines eigenen Gesch\u00e4fts Sklaverei und Menschenhandel stattfinden:&nbsp;<\/p>\n\n\n\n<p>Wir pflegen und aktualisieren regelm\u00e4\u00dfig unseren Verhaltenskodex, der die wichtigsten Grunds\u00e4tze und Werte darlegt, die alle unsere Mitarbeiter einhalten sollen, einschlie\u00dflich (ohne Einschr\u00e4nkung) der Einhaltung aller geltenden Gesetze zur Bek\u00e4mpfung von Sklaverei und Menschenhandel;&nbsp;<\/p>\n\n\n\n<p>alle unsere Mitarbeiter nehmen regelm\u00e4\u00dfig an obligatorischen Compliance-Schulungen teil, darunter auch solche, die ihr Wissen \u00fcber unsere wichtigsten Grunds\u00e4tze und ethischen Gesch\u00e4ftspraktiken vertiefen sollen;&nbsp;<\/p>\n\n\n\n<p>Wir w\u00e4hlen unsere Mitarbeiter, Kunden und sonstigen Partner sorgf\u00e4ltig aus und unterziehen sie einer laufenden \u00dcberpr\u00fcfung auf internationale Sanktionen, politische Berichterstattung und negative Berichterstattung in der Presse. Wir verpflichten uns, nicht mit Personen und Organisationen zusammenzuarbeiten, die in moderne Sklaverei und\/oder Menschenhandel verwickelt sind.&nbsp;<\/p>\n\n\n\n<p><strong>Genehmigung&nbsp;<\/strong><\/p>\n\n\n\n<p>Diese Erkl\u00e4rung wurde am 26. Juni 2025 vom Vorstand von Peridot Global Holdings Limited genehmigt.\u00a0<\/p>\n<\/div>","protected":false},"excerpt":{"rendered":"<p>GSCF SLAVERY AND HUMAN TRAFFICKING STATEMENT&nbsp;for the financial year ended 31 December 2024&nbsp; Introduction&nbsp; This statement is made by Peridot Global Holdings Limited, on behalf of itself and its subsidiaries (together hereinafter \u201cGSCF\u201d or \u201cwe\u201d) pursuant to Section 54 of the UK Modern Slavery Act 2015, which requires organizations of a certain size which undertake [&hellip;]<\/p>\n","protected":false},"author":2,"featured_media":0,"parent":0,"menu_order":0,"comment_status":"closed","ping_status":"closed","template":"","meta":{"_monsterinsights_skip_tracking":false,"_monsterinsights_sitenote_active":false,"_monsterinsights_sitenote_note":"","_monsterinsights_sitenote_category":0,"footnotes":""},"class_list":["post-1332","page","type-page","status-publish","hentry"],"_links":{"self":[{"href":"https:\/\/www.gscfworkingcapitalbank.com\/de\/wp-json\/wp\/v2\/pages\/1332","targetHints":{"allow":["GET"]}}],"collection":[{"href":"https:\/\/www.gscfworkingcapitalbank.com\/de\/wp-json\/wp\/v2\/pages"}],"about":[{"href":"https:\/\/www.gscfworkingcapitalbank.com\/de\/wp-json\/wp\/v2\/types\/page"}],"author":[{"embeddable":true,"href":"https:\/\/www.gscfworkingcapitalbank.com\/de\/wp-json\/wp\/v2\/users\/2"}],"replies":[{"embeddable":true,"href":"https:\/\/www.gscfworkingcapitalbank.com\/de\/wp-json\/wp\/v2\/comments?post=1332"}],"version-history":[{"count":1,"href":"https:\/\/www.gscfworkingcapitalbank.com\/de\/wp-json\/wp\/v2\/pages\/1332\/revisions"}],"predecessor-version":[{"id":1333,"href":"https:\/\/www.gscfworkingcapitalbank.com\/de\/wp-json\/wp\/v2\/pages\/1332\/revisions\/1333"}],"wp:attachment":[{"href":"https:\/\/www.gscfworkingcapitalbank.com\/de\/wp-json\/wp\/v2\/media?parent=1332"}],"curies":[{"name":"wp","href":"https:\/\/api.w.org\/{rel}","templated":true}]}}