{"id":1318,"date":"2025-04-23T23:12:27","date_gmt":"2025-04-23T23:12:27","guid":{"rendered":"https:\/\/gscfworkingcapitalbank.com\/?page_id=1318"},"modified":"2025-11-06T22:23:00","modified_gmt":"2025-11-06T22:23:00","slug":"cookies-policy","status":"publish","type":"page","link":"https:\/\/www.gscfworkingcapitalbank.com\/de\/cookies-policy\/","title":{"rendered":"Cookie-Richtlinie"},"content":{"rendered":"<div class=\"wp-block-group alignwide has-global-padding is-content-justification-left is-layout-constrained wp-container-core-group-is-layout-9c165946 wp-block-group-is-layout-constrained\">\n<p>Diese Cookie-Richtlinie ist Teil der Datenschutzerkl\u00e4rung von GSCF, die auf dieser Website ver\u00f6ffentlicht ist, und enth\u00e4lt detailliertere Informationen zu den auf dieser Website verwendeten Cookies. Zus\u00e4tzlich zu den nachfolgenden Informationen lesen Sie bitte die Datenschutzerkl\u00e4rung, um mehr dar\u00fcber zu erfahren, wer wir sind, wie wir Ihre personenbezogenen Daten auf unserer Website verarbeiten und welche Rechte Sie haben.\u00a0<\/p>\n\n\n\n<p>In dieser Cookie-Richtlinie:<\/p>\n\n\n\n<p>\u2013 \u201c<strong>GSCF<\/strong>&quot; oder &quot;<strong>Wir<\/strong>\u201d\u201c bezeichnet Peridot Global Holdings Limited und alle ihre direkten und indirekten Tochtergesellschaften, einschlie\u00dflich (aber nicht beschr\u00e4nkt auf) GSCF Working Capital Bank GmbH.<\/p>\n\n\n\n<p>\u2013 \u201c<strong>Webseite<\/strong>\u201d&quot; bedeutet&nbsp;<a href=\"https:\/\/www.gscf.com\/\"><strong>https:\/\/www.gscf.com<\/strong><\/a><strong>,&nbsp;<\/strong><a href=\"https:\/\/www.gscfworkingcapitalbank.com\/de\/\"><strong>https:\/\/gscfworkingcapitalbank.com<\/strong><\/a>oder&nbsp;<a href=\"https:\/\/gis2.gscf.com\/\"><strong>https:\/\/gis2.gscf.com<\/strong><\/a>, soweit zutreffend.<\/p>\n\n\n\n<p><strong>1. Einleitung<\/strong><\/p>\n\n\n\n<p>Unsere Website verwendet Cookies und \u00e4hnliche Technologien (im Folgenden werden alle Technologien der Einfachheit halber als \u201cCookies\u201d bezeichnet). Auch von uns beauftragte Drittanbieter setzen Cookies. Im folgenden Dokument informieren wir Sie \u00fcber die Verwendung von Cookies auf unserer Website.<\/p>\n\n\n\n<p><strong>2. Was sind Cookies?<\/strong><\/p>\n\n\n\n<p>Cookies sind kleine Textdateien, die von besuchten Websites an Ihren Computer gesendet und dort gespeichert werden. Beim n\u00e4chsten Besuch werden sie wieder an dieselben Websites zur\u00fcckgesendet. Dank dieser Cookies k\u00f6nnen sich Websites Ihre Aktionen und Pr\u00e4ferenzen (z. B. Anmeldedaten, Sprache, Schriftgr\u00f6\u00dfe, andere Anzeigeeinstellungen usw.) merken, sodass Sie diese nicht beim n\u00e4chsten Besuch oder beim Wechsel zwischen Seiten auf einer Website erneut konfigurieren m\u00fcssen.<\/p>\n\n\n\n<p>Cookies dienen der elektronischen Authentifizierung, der \u00dcberwachung von Sitzungen und der Speicherung von Informationen \u00fcber Ihre Aktivit\u00e4ten beim Besuch einer Website. Sie k\u00f6nnen auch einen eindeutigen ID-Code enthalten, der die Nachverfolgung Ihrer Aktivit\u00e4ten innerhalb einer Website zu statistischen oder Werbezwecken erm\u00f6glicht. Einige Funktionen einer Website sind ohne Cookies nicht m\u00f6glich; in bestimmten F\u00e4llen sind Cookies technisch notwendig f\u00fcr den Betrieb der Website.<\/p>\n\n\n\n<p>Beim Besuch einer Website k\u00f6nnen Sie auch Cookies von anderen Websites oder Webservern als der besuchten Website erhalten (z. B. \u201cCookies von externen Websites oder Webservern\u201c).\u201c<strong>Cookies von Drittanbietern<\/strong>\u201d).<\/p>\n\n\n\n<p>Es gibt verschiedene Arten von Cookies, die sich in ihren Eigenschaften und Funktionen unterscheiden und unterschiedlich lange auf Ihrem Computer gespeichert werden k\u00f6nnen: \u201c<strong>Sitzungscookies<\/strong>\u201d&quot;, die beim Schlie\u00dfen des Browsers automatisch gel\u00f6scht werden, und \u201c<strong>persistente Cookies<\/strong>\u201dDiese bleiben auf Ihrem Ger\u00e4t gespeichert, bis die voreingestellte Ablaufzeit abgelaufen ist.<\/p>\n\n\n\n<p>Je nach geltendem Recht ist f\u00fcr die Verwendung von Cookies nicht immer die Einwilligung des Nutzers erforderlich. Insbesondere f\u00fcr \u201ctechnische Cookies\u201d oder \u201cunbedingt notwendige Cookies\u201d (d. h. solche, die ausschlie\u00dflich zur \u00dcbertragung einer Nachricht \u00fcber ein elektronisches Kommunikationsnetz oder, soweit unbedingt erforderlich, zur Bereitstellung eines vom Nutzer ausdr\u00fccklich angeforderten Dienstes verwendet werden) ist keine solche Einwilligung notwendig. Es handelt sich also um Cookies, die f\u00fcr den Betrieb der Website oder zur Durchf\u00fchrung vom Nutzer angeforderter Aktionen unbedingt erforderlich sind.<\/p>\n\n\n\n<p><strong>3. Arten von Cookies, die auf unserer Website platziert werden&nbsp;<\/strong><\/p>\n\n\n\n<p>Unsere Website verwendet die folgenden Arten von Cookies, wie in der nachstehenden Tabelle n\u00e4her erl\u00e4utert:&nbsp;<\/p>\n\n\n\n<p><em>Leistungs-Cookies.&nbsp;<\/em>Diese Cookies erm\u00f6glichen es uns, Besuche und Traffic-Quellen zu z\u00e4hlen, um die Leistung unserer Website zu messen und zu verbessern. Sie helfen uns zu verstehen, welche Seiten am beliebtesten sind und wie sich Besucher auf der Website bewegen. Wenn Sie diese Cookies nicht zulassen, wissen wir nicht, wann Sie unsere Website besucht haben und k\u00f6nnen ihre Leistung nicht \u00fcberwachen.<\/p>\n\n\n\n<p><em>Technische (unbedingt notwendige) Cookies<\/em>. Diese Cookies sind f\u00fcr die Funktion der Website erforderlich und k\u00f6nnen in unseren Systemen nicht deaktiviert werden. Sie werden in der Regel nur als Reaktion auf von Ihnen durchgef\u00fchrte Aktionen gesetzt, die einer Anforderung von Diensten gleichkommen, wie beispielsweise das Festlegen Ihrer Datenschutzeinstellungen oder das Ausf\u00fcllen von Formularen. Da diese Cookies f\u00fcr die Funktion der Website notwendig sind, ist f\u00fcr ihre Installation keine Einwilligung Ihrerseits erforderlich.&nbsp;<\/p>\n\n\n\n<p>Unsere Website verwendet insbesondere gegebenenfalls alle oder einige der folgenden Cookies:<\/p>\n\n\n\n<figure style=\"font-size:0.7rem\" class=\"wp-block-table\"><table class=\"has-fixed-layout\"><thead><tr><td>Name<\/td><td>&nbsp;Cookies von Erst- oder Drittanbietern&nbsp;<\/td><td>Beschreibung<\/td><td>Kategorie<\/td><td>Lagerdauer<\/td><\/tr><\/thead><tbody><tr><td>__CookieConsentV300<\/td><td>Dritte Seite<\/td><td>Jede Website, die den Investis Digital Cookie Manager verwendet, enth\u00e4lt diesen Cookie. Dieser Cookie dient dazu, Nutzer beim ersten Aufruf der Website \u00fcber die Verwendung von Cookies zu informieren. Er speichert die vom Nutzer festgelegten Pr\u00e4ferenzen und sorgt daf\u00fcr, dass nur die vom Nutzer genehmigten Cookies gesetzt werden.&nbsp;<\/td><td>Technische (unbedingt notwendige) Cookies<\/td><td>6 Monate<\/td><\/tr><tr><td>_ga<\/td><td>Dritte Seite<\/td><td>Dieser Cookie ist mit Google Universal Analytics verkn\u00fcpft und dient dazu, einzelne Nutzer zu unterscheiden, indem ihm eine zuf\u00e4llig generierte Nummer als Client-ID zugewiesen wird. Er wird bei jeder Seitenanfrage einer Website mitgesendet und zur Berechnung von Besucher-, Sitzungs- und Kampagnendaten f\u00fcr die Website-Analyseberichte verwendet. Weitere Informationen zur Datenschutzerkl\u00e4rung von Google finden Sie hier:&nbsp;<a href=\"https:\/\/policies.google.com\/privacy?gl=GB&amp;hl=en-GB#intro\">Link<\/a>.<\/td><td>Leistungs-Cookies<\/td><td>2 Jahre<\/td><\/tr><tr><td>AWSALB<\/td><td>Dritte Seite<\/td><td>Der klassische Amazon Web Services (AWS) Load Balancer empf\u00e4ngt zun\u00e4chst eine Anfrage von einem Client, leitet die Anfrage an ein Ziel weiter, generiert einen Cookie namens AWSALB, der Informationen \u00fcber das ausgew\u00e4hlte Ziel kodiert, verschl\u00fcsselt den Cookie und f\u00fcgt den Cookie in die Antwort an den Client ein.<\/td><td>Technische (unbedingt notwendige) Cookies<\/td><td>7 Tage<\/td><\/tr><tr><td>_gat<\/td><td>Erste<\/td><td>Registriert eine eindeutige ID, die verwendet wird, um statistische Daten dazu, wie der Besucher die Website nutzt, zu generieren.&nbsp;&nbsp; &nbsp;<\/td><td>Leistungs-Cookies<\/td><td>1 Tag<\/td><\/tr><tr><td>AWSALBCORS<\/td><td>Dritte Seite<\/td><td>Der AWS Application Load Balancer-Cookie dient zur Zuordnung der Sitzung zur Instanz. Er hat denselben Wert wie AWSALB.<\/td><td>Technische (unbedingt notwendige) Cookies<\/td><td>7 Tage<\/td><\/tr><tr><td>_ga_xxxxxxxxxx<\/td><td>Dritte Seite<\/td><td>Dieser Cookie ist mit Google Universal Analytics verkn\u00fcpft \u2013 einer wichtigen Aktualisierung des weit verbreiteten Analysedienstes von Google. Er dient dazu, einzelne Nutzer zu unterscheiden, indem ihm eine zuf\u00e4llig generierte Nummer als Client-ID zugewiesen wird. Dieser Cookie wird bei jeder Seitenanfrage einer Website \u00fcbermittelt und zur Berechnung von Besucher-, Sitzungs- und Kampagnendaten f\u00fcr die Website-Analyseberichte verwendet. Weitere Informationen zur Datenschutzerkl\u00e4rung von Google finden Sie hier:&nbsp;<a href=\"https:\/\/policies.google.com\/privacy?gl=GB&amp;hl=en-GB#intro\">Link<\/a>.<\/td><td>Leistungs-Cookies<\/td><td>1 Jahr<\/td><\/tr><tr><td>_gid<\/td><td>Erstpartei<\/td><td>Registriert eine eindeutige ID, die verwendet wird, um statistische Daten dazu, wie der Besucher die Website nutzt, zu generieren.<\/td><td>Leistungs-Cookies<\/td><td>1 Tag<\/td><\/tr><tr><td>_gat_UA-nnnnnnn-nn<\/td><td>Dritte Seite<\/td><td>Dies ist ein von Google Analytics gesetzter Cookie-Typ, dessen Name die eindeutige Kennnummer des zugeh\u00f6rigen Kontos oder der Website enth\u00e4lt. Er scheint eine Variante des _gat-Cookies zu sein, der dazu dient, die von Google auf stark frequentierten Websites erfasste Datenmenge zu begrenzen. Weitere Informationen zur Datenschutzerkl\u00e4rung von Google finden Sie hier.&nbsp;<a href=\"https:\/\/policies.google.com\/privacy?gl=GB&amp;hl=en-GB#intro\">Link<\/a>.<\/td><td>Leistungs-Cookies<\/td><td>Bis zum Ende der Browsersitzung<\/td><\/tr><\/tbody><\/table><\/figure>\n\n\n\n<p><strong>4. Cookie-Einstellungen<\/strong><\/p>\n\n\n\n<p>Bei Ihrem ersten Besuch auf der Website haben Sie folgende M\u00f6glichkeiten: (i) Sie k\u00f6nnen alle Cookies akzeptieren, indem Sie auf die Schaltfl\u00e4che \u201cAlle akzeptieren\u201d klicken, (ii) Sie k\u00f6nnen Ihre Zustimmung verweigern und mit dem Surfen fortfahren, indem Sie die Standardeinstellungen beibehalten, die nur die Verwendung technischer\/unbedingt notwendiger Cookies vorsehen, die f\u00fcr den Betrieb der Website erforderlich sind, indem Sie auf das \u201cX\u201d in der oberen rechten Ecke oder auf die Schaltfl\u00e4che \u201cAlle ablehnen\u201d klicken, (iii) Sie k\u00f6nnen bestimmte Kategorien von Cookies detailliert ausw\u00e4hlen, indem Sie auf \u201cEinstellungen anzeigen\u201d klicken.<\/p>\n\n\n\n<p><a>Bitte beachten Sie, dass Sie Ihre Cookie-Einstellungen jederzeit \u00e4ndern k\u00f6nnen, indem Sie auf das Symbol \u201cCookie-Einstellungen\u201d in der Fu\u00dfzeile der Website klicken.<\/a><\/p>\n\n\n\n<p>Sie k\u00f6nnen Cookies in Ihrem Internetbrowser automatisch oder manuell l\u00f6schen. Sie k\u00f6nnen auch festlegen, dass bestimmte Cookies nicht gesetzt werden d\u00fcrfen. Alternativ k\u00f6nnen Sie die Einstellungen Ihres Browsers so \u00e4ndern, dass Sie jedes Mal eine Benachrichtigung erhalten, wenn ein Cookie gesetzt wird. Ihre Cookie-Einstellungen werden zur\u00fcckgesetzt, wenn Sie mit verschiedenen Browsern auf die Website zugreifen. Weitere Informationen zum Festlegen der Cookie-Einstellungen in Ihrem Browser finden Sie in der folgenden Anleitung:<\/p>\n\n\n\n<ul class=\"wp-block-list\">\n<li><a href=\"https:\/\/support.mozilla.org\/en-US\/kb\/cookies-information-websites-store-on-your-computer#w_cookie-settings\">Firefox<\/a><\/li>\n\n\n\n<li><a href=\"https:\/\/support.google.com\/chrome\/answer\/95647?hl=en&amp;topic=14666&amp;ctx=topic&amp;sjid=3643640936742805118-EU\">Chrom<\/a><\/li>\n\n\n\n<li><a href=\"https:\/\/support.apple.com\/en-euro\/guide\/safari\/sfri11471\/mac\">Safari<\/a><\/li>\n\n\n\n<li><a href=\"https:\/\/support.microsoft.com\/en-us\/microsoft-edge\/delete-cookies-in-microsoft-edge-63947406-40ac-c3b8-57b9-2a946a29ae09\">Microsoft Edge<\/a><\/li>\n<\/ul>\n\n\n\n<p><strong>ACHTUNG:<\/strong>&nbsp;Wenn Sie die vom Webauftritt verwendeten technischen (rein funktionalen) Cookies blockieren oder l\u00f6schen, kann die Nutzung des Webauftritts unm\u00f6glich werden, bestimmte Dienste oder Funktionen k\u00f6nnen nicht mehr verf\u00fcgbar sein oder es k\u00f6nnen andere Funktionsst\u00f6rungen auftreten. In diesem Fall m\u00fcssen Sie m\u00f6glicherweise bei jedem Besuch des Webauftritts einige Informationen oder Einstellungen \u00e4ndern oder manuell eingeben. Wenn Sie die Cookies in Ihrem Browser l\u00f6schen, werden diese nach Ihrer Zustimmung beim n\u00e4chsten Besuch unseres Webauftritts erneut gesetzt.<\/p>\n<\/div>","protected":false},"excerpt":{"rendered":"<p>This Cookie Policy is a part of GSCF\u2019s Privacy Notice published on this Website and provides more specific information on the cookies placed on this Website. In addition to the information provided below, please consult the\u00a0Privacy Notice to know more about who we are, how we process your Personal Data on our Website, and what [&hellip;]<\/p>\n","protected":false},"author":2,"featured_media":0,"parent":0,"menu_order":0,"comment_status":"closed","ping_status":"closed","template":"","meta":{"_monsterinsights_skip_tracking":false,"_monsterinsights_sitenote_active":false,"_monsterinsights_sitenote_note":"","_monsterinsights_sitenote_category":0,"footnotes":""},"class_list":["post-1318","page","type-page","status-publish","hentry"],"_links":{"self":[{"href":"https:\/\/www.gscfworkingcapitalbank.com\/de\/wp-json\/wp\/v2\/pages\/1318","targetHints":{"allow":["GET"]}}],"collection":[{"href":"https:\/\/www.gscfworkingcapitalbank.com\/de\/wp-json\/wp\/v2\/pages"}],"about":[{"href":"https:\/\/www.gscfworkingcapitalbank.com\/de\/wp-json\/wp\/v2\/types\/page"}],"author":[{"embeddable":true,"href":"https:\/\/www.gscfworkingcapitalbank.com\/de\/wp-json\/wp\/v2\/users\/2"}],"replies":[{"embeddable":true,"href":"https:\/\/www.gscfworkingcapitalbank.com\/de\/wp-json\/wp\/v2\/comments?post=1318"}],"version-history":[{"count":2,"href":"https:\/\/www.gscfworkingcapitalbank.com\/de\/wp-json\/wp\/v2\/pages\/1318\/revisions"}],"predecessor-version":[{"id":1336,"href":"https:\/\/www.gscfworkingcapitalbank.com\/de\/wp-json\/wp\/v2\/pages\/1318\/revisions\/1336"}],"wp:attachment":[{"href":"https:\/\/www.gscfworkingcapitalbank.com\/de\/wp-json\/wp\/v2\/media?parent=1318"}],"curies":[{"name":"wp","href":"https:\/\/api.w.org\/{rel}","templated":true}]}}