{"id":1181,"date":"2024-11-27T17:25:43","date_gmt":"2024-11-27T17:25:43","guid":{"rendered":"https:\/\/gscfworkingcapitalbank.com\/?page_id=1181"},"modified":"2025-02-12T14:33:47","modified_gmt":"2025-02-12T14:33:47","slug":"impressum","status":"publish","type":"page","link":"https:\/\/www.gscfworkingcapitalbank.com\/de\/impressum\/","title":{"rendered":"Impressum"},"content":{"rendered":"<div class=\"wp-block-group alignwide has-global-padding is-layout-constrained wp-container-core-group-is-layout-a31aa551 wp-block-group-is-layout-constrained\">\n<h3 class=\"wp-block-heading\"><strong>GSCF Working Capital Bank GmbH<\/strong><\/h3>\n<\/div>\n\n\n\n<div class=\"wp-block-group alignwide has-global-padding is-layout-constrained wp-container-core-group-is-layout-a31aa551 wp-block-group-is-layout-constrained\">\n<p><strong>Postanschrift<\/strong>:<br><br>Tilsiter Str. 3, 71065 Sindelfingen, Deutschland<br><br><strong>Gesch\u00e4ftsf\u00fchrer<\/strong>:<br><br>Marco Kempf<br>Klaus A. Weber<\/p>\n\n\n\n<p>Sitz der Gesellschaft: Sindelfingen<br>Registergericht: Amtsgericht Stuttgart, HRB 20251<\/p>\n\n\n\n<p>Umsatzsteuer-ID: DE813929909<br><br><strong>Kontakt<\/strong>:<br><br>E-Mail:&nbsp;<a href=\"mailto:WCB@gscf.com\">WCB@gscf.com<\/a><\/p>\n\n\n\n<p><strong>Zust\u00e4ndige Aufsichtsbeh\u00f6rde<\/strong><\/p>\n\n\n\n<p><strong>Bundesanstalt f\u00fcr Finanzdienstleistungsaufsicht (BaFin):<\/strong><br>Graurheindorfer Str. 108<br>53117 Bonn\u00a0<\/p>\n<\/div>\n\n\n\n<p><\/p>","protected":false},"excerpt":{"rendered":"<p>GSCF Working Capital Bank GmbH Postanschrift: Tilsiter Str. 3, 71065 Sindelfingen, Deutschland Gesch\u00e4ftsf\u00fchrer: Marco KempfKlaus A. Weber Sitz der Gesellschaft: SindelfingenRegistergericht: Amtsgericht Stuttgart, HRB 20251 Umsatzsteuer-ID: DE813929909 Kontakt: E-Mail: WCB@gscf.com Zust\u00e4ndige Aufsichtsbeh\u00f6rde Bundesanstalt f\u00fcr Finanzdienstleistungsaufsicht (BaFin):Graurheindorfer Str. 10853117 Bonn\u00a0<\/p>","protected":false},"author":2,"featured_media":0,"parent":0,"menu_order":0,"comment_status":"closed","ping_status":"closed","template":"","meta":{"_monsterinsights_skip_tracking":false,"_monsterinsights_sitenote_active":false,"_monsterinsights_sitenote_note":"","_monsterinsights_sitenote_category":0,"footnotes":""},"class_list":["post-1181","page","type-page","status-publish","hentry"],"_links":{"self":[{"href":"https:\/\/www.gscfworkingcapitalbank.com\/de\/wp-json\/wp\/v2\/pages\/1181","targetHints":{"allow":["GET"]}}],"collection":[{"href":"https:\/\/www.gscfworkingcapitalbank.com\/de\/wp-json\/wp\/v2\/pages"}],"about":[{"href":"https:\/\/www.gscfworkingcapitalbank.com\/de\/wp-json\/wp\/v2\/types\/page"}],"author":[{"embeddable":true,"href":"https:\/\/www.gscfworkingcapitalbank.com\/de\/wp-json\/wp\/v2\/users\/2"}],"replies":[{"embeddable":true,"href":"https:\/\/www.gscfworkingcapitalbank.com\/de\/wp-json\/wp\/v2\/comments?post=1181"}],"version-history":[{"count":11,"href":"https:\/\/www.gscfworkingcapitalbank.com\/de\/wp-json\/wp\/v2\/pages\/1181\/revisions"}],"predecessor-version":[{"id":1275,"href":"https:\/\/www.gscfworkingcapitalbank.com\/de\/wp-json\/wp\/v2\/pages\/1181\/revisions\/1275"}],"wp:attachment":[{"href":"https:\/\/www.gscfworkingcapitalbank.com\/de\/wp-json\/wp\/v2\/media?parent=1181"}],"curies":[{"name":"wp","href":"https:\/\/api.w.org\/{rel}","templated":true}]}}