{"id":1175,"date":"2024-11-27T17:21:11","date_gmt":"2024-11-27T17:21:11","guid":{"rendered":"https:\/\/gscfworkingcapitalbank.com\/?page_id=1175"},"modified":"2025-04-07T23:21:04","modified_gmt":"2025-04-07T23:21:04","slug":"verguetungsbericht","status":"publish","type":"page","link":"https:\/\/www.gscfworkingcapitalbank.com\/de\/verguetungsbericht\/","title":{"rendered":"Beschwerdemanagement"},"content":{"rendered":"<div class=\"wp-block-group alignwide has-global-padding is-layout-constrained wp-container-core-group-is-layout-a31aa551 wp-block-group-is-layout-constrained\">\n<p>Bei einer Beschwerde, Frage oder Anregung, w\u00fcrden wir uns freuen, wenn Sie sich an unser zentrales Beschwerdemanagement wenden. Es ist f\u00fcr uns eine Selbstverst\u00e4ndlichkeit, \nuns so schnell wie m\u00f6glich um Ihr Anliegen zu k\u00fcmmern, zumindest in Form eines Zwischenbescheids.&nbsp;<\/p>\n<\/div>\n\n\n\n<div class=\"wp-block-group alignwide has-global-padding is-layout-constrained wp-container-core-group-is-layout-a31aa551 wp-block-group-is-layout-constrained\">\n<p>Schreiben Sie uns eine eMail:&nbsp;&nbsp;&nbsp;&nbsp;&nbsp;&nbsp;&nbsp;&nbsp;&nbsp;&nbsp;&nbsp;&nbsp;&nbsp;&nbsp;&nbsp;&nbsp;&nbsp;&nbsp;&nbsp;&nbsp;&nbsp;&nbsp;&nbsp;&nbsp;&nbsp;&nbsp;&nbsp;&nbsp;&nbsp;&nbsp;<a href=\"mailto:WCB@gscf.com\">WCB@gscf.com<\/a><\/p>\n\n\n\n<p>oder<\/p>\n\n\n\n<p>senden Sie uns einen Brief an:&nbsp;&nbsp;&nbsp;&nbsp;&nbsp;&nbsp;&nbsp;&nbsp;&nbsp;&nbsp;&nbsp;&nbsp;&nbsp;&nbsp;&nbsp;&nbsp;&nbsp;&nbsp;&nbsp;&nbsp;&nbsp;&nbsp;&nbsp;&nbsp;&nbsp;&nbsp;&nbsp;&nbsp;&nbsp;&nbsp;&nbsp;&nbsp;&nbsp;&nbsp;&nbsp;&nbsp;&nbsp;&nbsp;&nbsp;&nbsp;&nbsp;&nbsp;&nbsp;&nbsp;&nbsp;&nbsp;&nbsp;&nbsp;&nbsp;&nbsp;&nbsp;&nbsp;<\/p>\n\n\n\n<p>GSCF Working Capital Bank GmbH<br>\u201eBeschwerdemanagement\u201c<br>Tilsiter Str. 3&nbsp;<br>71065 Sindelfingen<\/p>\n<\/div>\n\n\n\n<div class=\"wp-block-group alignwide has-global-padding is-layout-constrained wp-container-core-group-is-layout-a31aa551 wp-block-group-is-layout-constrained\">\n\n\n<p><br><a href=\"https:\/\/gscfworkingcapitalbank.com\/wp-content\/uploads\/2025\/04\/Leitfaden-zum-Verfahren-der-Beschwerdebearbeitung-122024.pdf\" target=\"_blank\" rel=\"noreferrer noopener\">Leitfaden zum Verfahren der Beschwerdebearbeitung\u00a0<\/a><\/p>\n<\/div>\n\n\n\n<p><\/p>","protected":false},"excerpt":{"rendered":"<p>If you have a complaint, question or suggestion, we would be pleased if you contact our central complaint management team. We commit to respond to your request within 3 working days, at least in the form of an interim decision.&nbsp; Write us an eMail:&nbsp;&nbsp;&nbsp;&nbsp;&nbsp;&nbsp;&nbsp;&nbsp;&nbsp;&nbsp;&nbsp;&nbsp;&nbsp;&nbsp;&nbsp;&nbsp;&nbsp;&nbsp;&nbsp;&nbsp;&nbsp;&nbsp;&nbsp;&nbsp;&nbsp;&nbsp;&nbsp;&nbsp;&nbsp;&nbsp;WCB@gscf.com or Mailbox:&nbsp;&nbsp;&nbsp;&nbsp;&nbsp;&nbsp;&nbsp;&nbsp;&nbsp;&nbsp;&nbsp;&nbsp;&nbsp;&nbsp;&nbsp;&nbsp;&nbsp;&nbsp;&nbsp;&nbsp;&nbsp;&nbsp;&nbsp;&nbsp;&nbsp;&nbsp;&nbsp;&nbsp;&nbsp;&nbsp;&nbsp;&nbsp;&nbsp;&nbsp;&nbsp;&nbsp;&nbsp;&nbsp;&nbsp;&nbsp;&nbsp;&nbsp;&nbsp;&nbsp;&nbsp;&nbsp;&nbsp;&nbsp;&nbsp;&nbsp;&nbsp;&nbsp; GSCF&nbsp;Working Capital Bank GmbH\u201eBeschwerdemanagement\u201cTilsiter Str. 3&nbsp;71065 Sindelfingen Guidelines for [&hellip;]<\/p>\n","protected":false},"author":2,"featured_media":0,"parent":0,"menu_order":0,"comment_status":"closed","ping_status":"closed","template":"","meta":{"_monsterinsights_skip_tracking":false,"_monsterinsights_sitenote_active":false,"_monsterinsights_sitenote_note":"","_monsterinsights_sitenote_category":0,"footnotes":""},"class_list":["post-1175","page","type-page","status-publish","hentry"],"_links":{"self":[{"href":"https:\/\/www.gscfworkingcapitalbank.com\/de\/wp-json\/wp\/v2\/pages\/1175","targetHints":{"allow":["GET"]}}],"collection":[{"href":"https:\/\/www.gscfworkingcapitalbank.com\/de\/wp-json\/wp\/v2\/pages"}],"about":[{"href":"https:\/\/www.gscfworkingcapitalbank.com\/de\/wp-json\/wp\/v2\/types\/page"}],"author":[{"embeddable":true,"href":"https:\/\/www.gscfworkingcapitalbank.com\/de\/wp-json\/wp\/v2\/users\/2"}],"replies":[{"embeddable":true,"href":"https:\/\/www.gscfworkingcapitalbank.com\/de\/wp-json\/wp\/v2\/comments?post=1175"}],"version-history":[{"count":20,"href":"https:\/\/www.gscfworkingcapitalbank.com\/de\/wp-json\/wp\/v2\/pages\/1175\/revisions"}],"predecessor-version":[{"id":1305,"href":"https:\/\/www.gscfworkingcapitalbank.com\/de\/wp-json\/wp\/v2\/pages\/1175\/revisions\/1305"}],"wp:attachment":[{"href":"https:\/\/www.gscfworkingcapitalbank.com\/de\/wp-json\/wp\/v2\/media?parent=1175"}],"curies":[{"name":"wp","href":"https:\/\/api.w.org\/{rel}","templated":true}]}}